{"id":30029,"date":"2022-09-29T10:31:14","date_gmt":"2022-09-29T10:31:14","guid":{"rendered":"https:\/\/trendfurniture.ee\/?post_type=product&#038;p=30029"},"modified":"2022-09-29T10:31:14","modified_gmt":"2022-09-29T10:31:14","slug":"moobliplaadi-jaagid","status":"publish","type":"product","link":"https:\/\/www.trendfurniture.ee\/en\/product\/moobliplaadi-jaagid\/","title":{"rendered":"M\u00f6\u00f6bliplaadi j\u00e4\u00e4gid."},"content":{"rendered":"","protected":false},"excerpt":{"rendered":"<p>Alles j\u00e4\u00e4nud m\u00f6\u00f6bliplaate\/klaase\/riiuliplaate\/m\u00f6\u00f6blifurniture\/kapihinged\/sahtlisiine<\/p>\n<p>K\u00fcsi lisa.<\/p>","protected":false},"featured_media":30030,"template":"","meta":{"_acf_changed":false},"product_brand":[],"product_cat":[151],"product_tag":[],"class_list":{"0":"post-30029","1":"product","2":"type-product","3":"status-publish","4":"has-post-thumbnail","6":"product_cat-varia","8":"first","9":"instock","10":"shipping-taxable","11":"purchasable","12":"product-type-simple"},"acf":[],"_links":{"self":[{"href":"https:\/\/www.trendfurniture.ee\/en\/wp-json\/wp\/v2\/product\/30029","targetHints":{"allow":["GET"]}}],"collection":[{"href":"https:\/\/www.trendfurniture.ee\/en\/wp-json\/wp\/v2\/product"}],"about":[{"href":"https:\/\/www.trendfurniture.ee\/en\/wp-json\/wp\/v2\/types\/product"}],"wp:featuredmedia":[{"embeddable":true,"href":"https:\/\/www.trendfurniture.ee\/en\/wp-json\/wp\/v2\/media\/30030"}],"wp:attachment":[{"href":"https:\/\/www.trendfurniture.ee\/en\/wp-json\/wp\/v2\/media?parent=30029"}],"wp:term":[{"taxonomy":"product_brand","embeddable":true,"href":"https:\/\/www.trendfurniture.ee\/en\/wp-json\/wp\/v2\/product_brand?post=30029"},{"taxonomy":"product_cat","embeddable":true,"href":"https:\/\/www.trendfurniture.ee\/en\/wp-json\/wp\/v2\/product_cat?post=30029"},{"taxonomy":"product_tag","embeddable":true,"href":"https:\/\/www.trendfurniture.ee\/en\/wp-json\/wp\/v2\/product_tag?post=30029"}],"curies":[{"name":"wp","href":"https:\/\/api.w.org\/{rel}","templated":true}]}}