{"id":34073,"date":"2024-01-26T08:54:48","date_gmt":"2024-01-26T08:54:48","guid":{"rendered":"https:\/\/trendfurniture.ee\/?post_type=product&#038;p=34073"},"modified":"2024-01-26T08:54:48","modified_gmt":"2024-01-26T08:54:48","slug":"laevalgusti-3","status":"publish","type":"product","link":"https:\/\/www.trendfurniture.ee\/en\/product\/laevalgusti-3\/","title":{"rendered":"Laevalgusti"},"content":{"rendered":"","protected":false},"excerpt":{"rendered":"<p>Heas korras laevalgusti.<br \/>\nL\u00e4bim\u00f5\u00f5t 60, k\u00f5rgus 100<\/p>","protected":false},"featured_media":34074,"template":"","meta":{"_acf_changed":false},"product_brand":[],"product_cat":[171],"product_tag":[],"class_list":{"0":"post-34073","1":"product","2":"type-product","3":"status-publish","4":"has-post-thumbnail","6":"product_cat-valgustid","8":"first","9":"instock","10":"shipping-taxable","11":"purchasable","12":"product-type-simple"},"acf":[],"_links":{"self":[{"href":"https:\/\/www.trendfurniture.ee\/en\/wp-json\/wp\/v2\/product\/34073","targetHints":{"allow":["GET"]}}],"collection":[{"href":"https:\/\/www.trendfurniture.ee\/en\/wp-json\/wp\/v2\/product"}],"about":[{"href":"https:\/\/www.trendfurniture.ee\/en\/wp-json\/wp\/v2\/types\/product"}],"wp:featuredmedia":[{"embeddable":true,"href":"https:\/\/www.trendfurniture.ee\/en\/wp-json\/wp\/v2\/media\/34074"}],"wp:attachment":[{"href":"https:\/\/www.trendfurniture.ee\/en\/wp-json\/wp\/v2\/media?parent=34073"}],"wp:term":[{"taxonomy":"product_brand","embeddable":true,"href":"https:\/\/www.trendfurniture.ee\/en\/wp-json\/wp\/v2\/product_brand?post=34073"},{"taxonomy":"product_cat","embeddable":true,"href":"https:\/\/www.trendfurniture.ee\/en\/wp-json\/wp\/v2\/product_cat?post=34073"},{"taxonomy":"product_tag","embeddable":true,"href":"https:\/\/www.trendfurniture.ee\/en\/wp-json\/wp\/v2\/product_tag?post=34073"}],"curies":[{"name":"wp","href":"https:\/\/api.w.org\/{rel}","templated":true}]}}