{"id":34935,"date":"2024-05-08T07:53:52","date_gmt":"2024-05-08T07:53:52","guid":{"rendered":"https:\/\/trendfurniture.ee\/?post_type=product&#038;p=34935"},"modified":"2024-05-08T07:53:52","modified_gmt":"2024-05-08T07:53:52","slug":"kirjutuslaud","status":"publish","type":"product","link":"https:\/\/trendfurniture.ee\/en\/product\/kirjutuslaud\/","title":{"rendered":"Kirjutuslaud"},"content":{"rendered":"","protected":false},"excerpt":{"rendered":"<p>Heas korras kirjutuslaud, m\u00f5\u00f5tudega:100 x 55, k\u00f5rgus 72\/88 <\/p>","protected":false},"featured_media":34936,"template":"","meta":{"_acf_changed":false},"product_brand":[],"product_cat":[160],"product_tag":[],"class_list":{"0":"post-34935","1":"product","2":"type-product","3":"status-publish","4":"has-post-thumbnail","6":"product_cat-kirjutuslauad","8":"first","9":"instock","10":"shipping-taxable","11":"purchasable","12":"product-type-simple"},"acf":[],"_links":{"self":[{"href":"https:\/\/trendfurniture.ee\/en\/wp-json\/wp\/v2\/product\/34935","targetHints":{"allow":["GET"]}}],"collection":[{"href":"https:\/\/trendfurniture.ee\/en\/wp-json\/wp\/v2\/product"}],"about":[{"href":"https:\/\/trendfurniture.ee\/en\/wp-json\/wp\/v2\/types\/product"}],"wp:featuredmedia":[{"embeddable":true,"href":"https:\/\/trendfurniture.ee\/en\/wp-json\/wp\/v2\/media\/34936"}],"wp:attachment":[{"href":"https:\/\/trendfurniture.ee\/en\/wp-json\/wp\/v2\/media?parent=34935"}],"wp:term":[{"taxonomy":"product_brand","embeddable":true,"href":"https:\/\/trendfurniture.ee\/en\/wp-json\/wp\/v2\/product_brand?post=34935"},{"taxonomy":"product_cat","embeddable":true,"href":"https:\/\/trendfurniture.ee\/en\/wp-json\/wp\/v2\/product_cat?post=34935"},{"taxonomy":"product_tag","embeddable":true,"href":"https:\/\/trendfurniture.ee\/en\/wp-json\/wp\/v2\/product_tag?post=34935"}],"curies":[{"name":"wp","href":"https:\/\/api.w.org\/{rel}","templated":true}]}}