{"id":35018,"date":"2024-05-15T06:38:28","date_gmt":"2024-05-15T06:38:28","guid":{"rendered":"https:\/\/trendfurniture.ee\/?post_type=product&#038;p=35018"},"modified":"2026-04-20T14:54:37","modified_gmt":"2026-04-20T14:54:37","slug":"taimekastid","status":"publish","type":"product","link":"https:\/\/www.trendfurniture.ee\/en\/product\/taimekastid\/","title":{"rendered":"Taimekastid"},"content":{"rendered":"","protected":false},"excerpt":{"rendered":"<p>UUED, viimistlemata termopuidust 44 liitrised taimekastid, m\u00f5\u00f5tudega: 48 x 48, k\u00f5rgus 43.<br \/>\nSaadaval pakendis, saatmis v\u00f5imalus olemas.<br \/>\nHind: 42.- tk.<\/p>","protected":false},"featured_media":35019,"template":"","meta":{"_acf_changed":false},"product_brand":[],"product_cat":[55,151],"product_tag":[],"class_list":{"0":"post-35018","1":"product","2":"type-product","3":"status-publish","4":"has-post-thumbnail","6":"product_cat-terrassi-aiamoobel","7":"product_cat-varia","9":"first","10":"instock","11":"shipping-taxable","12":"purchasable","13":"product-type-simple"},"acf":[],"_links":{"self":[{"href":"https:\/\/www.trendfurniture.ee\/en\/wp-json\/wp\/v2\/product\/35018","targetHints":{"allow":["GET"]}}],"collection":[{"href":"https:\/\/www.trendfurniture.ee\/en\/wp-json\/wp\/v2\/product"}],"about":[{"href":"https:\/\/www.trendfurniture.ee\/en\/wp-json\/wp\/v2\/types\/product"}],"wp:featuredmedia":[{"embeddable":true,"href":"https:\/\/www.trendfurniture.ee\/en\/wp-json\/wp\/v2\/media\/35019"}],"wp:attachment":[{"href":"https:\/\/www.trendfurniture.ee\/en\/wp-json\/wp\/v2\/media?parent=35018"}],"wp:term":[{"taxonomy":"product_brand","embeddable":true,"href":"https:\/\/www.trendfurniture.ee\/en\/wp-json\/wp\/v2\/product_brand?post=35018"},{"taxonomy":"product_cat","embeddable":true,"href":"https:\/\/www.trendfurniture.ee\/en\/wp-json\/wp\/v2\/product_cat?post=35018"},{"taxonomy":"product_tag","embeddable":true,"href":"https:\/\/www.trendfurniture.ee\/en\/wp-json\/wp\/v2\/product_tag?post=35018"}],"curies":[{"name":"wp","href":"https:\/\/api.w.org\/{rel}","templated":true}]}}