{"id":36593,"date":"2025-01-28T15:07:59","date_gmt":"2025-01-28T15:07:59","guid":{"rendered":"https:\/\/trendfurniture.ee\/?post_type=product&#038;p=36593"},"modified":"2025-10-20T09:21:53","modified_gmt":"2025-10-20T09:21:53","slug":"tool","status":"publish","type":"product","link":"https:\/\/www.trendfurniture.ee\/en\/product\/tool\/","title":{"rendered":"Tool"},"content":{"rendered":"","protected":false},"excerpt":{"rendered":"<p>Heas korras, antiikne tool, m\u00f5\u00f5tudega: 44 x 45, k\u00f5rgus 90<\/p>\n<p>Hind: 55.-<\/p>","protected":false},"featured_media":36594,"template":"","meta":{"_acf_changed":false},"product_brand":[],"product_cat":[99,102],"product_tag":[],"class_list":{"0":"post-36593","1":"product","2":"type-product","3":"status-publish","4":"has-post-thumbnail","6":"product_cat-toolid-ja-pingid","7":"product_cat-toolid","9":"first","10":"instock","11":"sale","12":"shipping-taxable","13":"purchasable","14":"product-type-simple"},"acf":[],"_links":{"self":[{"href":"https:\/\/www.trendfurniture.ee\/en\/wp-json\/wp\/v2\/product\/36593","targetHints":{"allow":["GET"]}}],"collection":[{"href":"https:\/\/www.trendfurniture.ee\/en\/wp-json\/wp\/v2\/product"}],"about":[{"href":"https:\/\/www.trendfurniture.ee\/en\/wp-json\/wp\/v2\/types\/product"}],"wp:featuredmedia":[{"embeddable":true,"href":"https:\/\/www.trendfurniture.ee\/en\/wp-json\/wp\/v2\/media\/36594"}],"wp:attachment":[{"href":"https:\/\/www.trendfurniture.ee\/en\/wp-json\/wp\/v2\/media?parent=36593"}],"wp:term":[{"taxonomy":"product_brand","embeddable":true,"href":"https:\/\/www.trendfurniture.ee\/en\/wp-json\/wp\/v2\/product_brand?post=36593"},{"taxonomy":"product_cat","embeddable":true,"href":"https:\/\/www.trendfurniture.ee\/en\/wp-json\/wp\/v2\/product_cat?post=36593"},{"taxonomy":"product_tag","embeddable":true,"href":"https:\/\/www.trendfurniture.ee\/en\/wp-json\/wp\/v2\/product_tag?post=36593"}],"curies":[{"name":"wp","href":"https:\/\/api.w.org\/{rel}","templated":true}]}}