{"id":37750,"date":"2025-07-16T12:06:24","date_gmt":"2025-07-16T12:06:24","guid":{"rendered":"https:\/\/www.trendfurniture.ee\/?post_type=product&#038;p=37750"},"modified":"2025-07-16T12:06:24","modified_gmt":"2025-07-16T12:06:24","slug":"kummut-2","status":"publish","type":"product","link":"https:\/\/www.trendfurniture.ee\/en\/product\/kummut-2\/","title":{"rendered":"Kummut"},"content":{"rendered":"","protected":false},"excerpt":{"rendered":"<p>UUS t\u00e4ispuidust kummut, m\u00f5\u00f5tudega: 157 x 45, k\u00f5rgus 90.<\/p>\n<p>Uksed ja sahtid vaikselt sulguvad.<\/p>\n<p>Hind: 574.-<\/p>","protected":false},"featured_media":37751,"template":"","meta":{"_acf_changed":false},"product_brand":[],"product_cat":[126],"product_tag":[],"class_list":{"0":"post-37750","1":"product","2":"type-product","3":"status-publish","4":"has-post-thumbnail","6":"product_cat-kummutid-kapid","8":"first","9":"instock","10":"shipping-taxable","11":"purchasable","12":"product-type-simple"},"acf":[],"_links":{"self":[{"href":"https:\/\/www.trendfurniture.ee\/en\/wp-json\/wp\/v2\/product\/37750","targetHints":{"allow":["GET"]}}],"collection":[{"href":"https:\/\/www.trendfurniture.ee\/en\/wp-json\/wp\/v2\/product"}],"about":[{"href":"https:\/\/www.trendfurniture.ee\/en\/wp-json\/wp\/v2\/types\/product"}],"wp:featuredmedia":[{"embeddable":true,"href":"https:\/\/www.trendfurniture.ee\/en\/wp-json\/wp\/v2\/media\/37751"}],"wp:attachment":[{"href":"https:\/\/www.trendfurniture.ee\/en\/wp-json\/wp\/v2\/media?parent=37750"}],"wp:term":[{"taxonomy":"product_brand","embeddable":true,"href":"https:\/\/www.trendfurniture.ee\/en\/wp-json\/wp\/v2\/product_brand?post=37750"},{"taxonomy":"product_cat","embeddable":true,"href":"https:\/\/www.trendfurniture.ee\/en\/wp-json\/wp\/v2\/product_cat?post=37750"},{"taxonomy":"product_tag","embeddable":true,"href":"https:\/\/www.trendfurniture.ee\/en\/wp-json\/wp\/v2\/product_tag?post=37750"}],"curies":[{"name":"wp","href":"https:\/\/api.w.org\/{rel}","templated":true}]}}