{"id":38523,"date":"2025-12-09T09:13:28","date_gmt":"2025-12-09T09:13:28","guid":{"rendered":"https:\/\/trendfurniture.ee\/?post_type=product&#038;p=38523"},"modified":"2025-12-09T09:13:28","modified_gmt":"2025-12-09T09:13:28","slug":"radiaatorid","status":"publish","type":"product","link":"https:\/\/www.trendfurniture.ee\/en\/product\/radiaatorid\/","title":{"rendered":"Radiaatorid"},"content":{"rendered":"","protected":false},"excerpt":{"rendered":"<p>Kasutatud, korralikud, seinale kinnitatavad \u00f5liradiaatorid, m\u00f5\u00f5tudega: 1130 x 300, s\u00fcgaavus 60<\/p>\n<p>Elektri\u00fchendus on vaja ise teha.<\/p>\n<p>Saadaval 5 + tk.<\/p>\n<p>Hind: 20.- tk.<\/p>","protected":false},"featured_media":38524,"template":"","meta":{"_acf_changed":false},"product_brand":[],"product_cat":[97,151],"product_tag":[],"class_list":{"0":"post-38523","1":"product","2":"type-product","3":"status-publish","4":"has-post-thumbnail","6":"product_cat-kodutehnika","7":"product_cat-varia","9":"first","10":"instock","11":"shipping-taxable","12":"purchasable","13":"product-type-simple"},"acf":[],"_links":{"self":[{"href":"https:\/\/www.trendfurniture.ee\/en\/wp-json\/wp\/v2\/product\/38523","targetHints":{"allow":["GET"]}}],"collection":[{"href":"https:\/\/www.trendfurniture.ee\/en\/wp-json\/wp\/v2\/product"}],"about":[{"href":"https:\/\/www.trendfurniture.ee\/en\/wp-json\/wp\/v2\/types\/product"}],"wp:featuredmedia":[{"embeddable":true,"href":"https:\/\/www.trendfurniture.ee\/en\/wp-json\/wp\/v2\/media\/38524"}],"wp:attachment":[{"href":"https:\/\/www.trendfurniture.ee\/en\/wp-json\/wp\/v2\/media?parent=38523"}],"wp:term":[{"taxonomy":"product_brand","embeddable":true,"href":"https:\/\/www.trendfurniture.ee\/en\/wp-json\/wp\/v2\/product_brand?post=38523"},{"taxonomy":"product_cat","embeddable":true,"href":"https:\/\/www.trendfurniture.ee\/en\/wp-json\/wp\/v2\/product_cat?post=38523"},{"taxonomy":"product_tag","embeddable":true,"href":"https:\/\/www.trendfurniture.ee\/en\/wp-json\/wp\/v2\/product_tag?post=38523"}],"curies":[{"name":"wp","href":"https:\/\/api.w.org\/{rel}","templated":true}]}}