{"id":38680,"date":"2026-01-22T11:37:33","date_gmt":"2026-01-22T11:37:33","guid":{"rendered":"https:\/\/trendfurniture.ee\/?post_type=product&#038;p=38680"},"modified":"2026-01-22T11:37:33","modified_gmt":"2026-01-22T11:37:33","slug":"voodi-140-x-200","status":"publish","type":"product","link":"https:\/\/www.trendfurniture.ee\/en\/product\/voodi-140-x-200\/","title":{"rendered":"Voodi 140 x 200"},"content":{"rendered":"","protected":false},"excerpt":{"rendered":"<p>Antiikne voodiraam 140 x 200 madratsile.<\/p>\n<p>Voodi m\u00f5\u00f5dud: 155 x 210, p\u00e4ise k\u00f5rgus 109, jalutsi k\u00f5rgus 77<\/p>\n<p>Esineb v\u00e4heke kasutusj\u00e4lgi.<\/p>\n<p>Hind: 199.-<\/p>","protected":false},"featured_media":38681,"template":"","meta":{"_acf_changed":false},"product_brand":[],"product_cat":[73,229],"product_tag":[],"class_list":{"0":"post-38680","1":"product","2":"type-product","3":"status-publish","4":"has-post-thumbnail","6":"product_cat-voodid","7":"product_cat-voodid-kusetid","9":"first","10":"instock","11":"shipping-taxable","12":"purchasable","13":"product-type-simple"},"acf":[],"_links":{"self":[{"href":"https:\/\/www.trendfurniture.ee\/en\/wp-json\/wp\/v2\/product\/38680","targetHints":{"allow":["GET"]}}],"collection":[{"href":"https:\/\/www.trendfurniture.ee\/en\/wp-json\/wp\/v2\/product"}],"about":[{"href":"https:\/\/www.trendfurniture.ee\/en\/wp-json\/wp\/v2\/types\/product"}],"wp:featuredmedia":[{"embeddable":true,"href":"https:\/\/www.trendfurniture.ee\/en\/wp-json\/wp\/v2\/media\/38681"}],"wp:attachment":[{"href":"https:\/\/www.trendfurniture.ee\/en\/wp-json\/wp\/v2\/media?parent=38680"}],"wp:term":[{"taxonomy":"product_brand","embeddable":true,"href":"https:\/\/www.trendfurniture.ee\/en\/wp-json\/wp\/v2\/product_brand?post=38680"},{"taxonomy":"product_cat","embeddable":true,"href":"https:\/\/www.trendfurniture.ee\/en\/wp-json\/wp\/v2\/product_cat?post=38680"},{"taxonomy":"product_tag","embeddable":true,"href":"https:\/\/www.trendfurniture.ee\/en\/wp-json\/wp\/v2\/product_tag?post=38680"}],"curies":[{"name":"wp","href":"https:\/\/api.w.org\/{rel}","templated":true}]}}