{"id":38714,"date":"2026-01-28T10:35:36","date_gmt":"2026-01-28T10:35:36","guid":{"rendered":"https:\/\/trendfurniture.ee\/?post_type=product&#038;p=38714"},"modified":"2026-01-28T10:35:37","modified_gmt":"2026-01-28T10:35:37","slug":"madrats-90-x-200","status":"publish","type":"product","link":"https:\/\/www.trendfurniture.ee\/en\/product\/madrats-90-x-200\/","title":{"rendered":"Madrats 90 x 200"},"content":{"rendered":"","protected":false},"excerpt":{"rendered":"<p>Kasutatud, heas korras &#8220;STROMA&#8221; madrats 90 x 200, paksus 20<\/p>\n<p>Vedrustus j\u00e4ik.<\/p>\n<p>K\u00fcljel esineb natuke transpordi m\u00e4\u00e4rdumist.<\/p>\n<p>Hind: 79.-<\/p>","protected":false},"featured_media":38715,"template":"","meta":{"_acf_changed":false},"product_brand":[],"product_cat":[231],"product_tag":[],"class_list":{"0":"post-38714","1":"product","2":"type-product","3":"status-publish","4":"has-post-thumbnail","6":"product_cat-madratsid-kattemadratsid","8":"first","9":"instock","10":"shipping-taxable","11":"purchasable","12":"product-type-simple"},"acf":[],"_links":{"self":[{"href":"https:\/\/www.trendfurniture.ee\/en\/wp-json\/wp\/v2\/product\/38714","targetHints":{"allow":["GET"]}}],"collection":[{"href":"https:\/\/www.trendfurniture.ee\/en\/wp-json\/wp\/v2\/product"}],"about":[{"href":"https:\/\/www.trendfurniture.ee\/en\/wp-json\/wp\/v2\/types\/product"}],"wp:featuredmedia":[{"embeddable":true,"href":"https:\/\/www.trendfurniture.ee\/en\/wp-json\/wp\/v2\/media\/38715"}],"wp:attachment":[{"href":"https:\/\/www.trendfurniture.ee\/en\/wp-json\/wp\/v2\/media?parent=38714"}],"wp:term":[{"taxonomy":"product_brand","embeddable":true,"href":"https:\/\/www.trendfurniture.ee\/en\/wp-json\/wp\/v2\/product_brand?post=38714"},{"taxonomy":"product_cat","embeddable":true,"href":"https:\/\/www.trendfurniture.ee\/en\/wp-json\/wp\/v2\/product_cat?post=38714"},{"taxonomy":"product_tag","embeddable":true,"href":"https:\/\/www.trendfurniture.ee\/en\/wp-json\/wp\/v2\/product_tag?post=38714"}],"curies":[{"name":"wp","href":"https:\/\/api.w.org\/{rel}","templated":true}]}}