{"id":38812,"date":"2026-02-21T08:49:28","date_gmt":"2026-02-21T08:49:28","guid":{"rendered":"https:\/\/trendfurniture.ee\/?post_type=product&#038;p=38812"},"modified":"2026-02-21T08:49:28","modified_gmt":"2026-02-21T08:49:28","slug":"diivan-natuzzi","status":"publish","type":"product","link":"https:\/\/www.trendfurniture.ee\/en\/product\/diivan-natuzzi\/","title":{"rendered":"Diivan &#8220;NATUZZI&#8221;"},"content":{"rendered":"","protected":false},"excerpt":{"rendered":"<p>Kasutatud, heas korras &#8220;NATUZZI&#8221; diivan, m\u00f5\u00f5tudega: 203 x 86, k\u00f5rgus 76<\/p>\n<p>Esineb natuke kasutusj\u00e4lgi.<\/p>\n<p>Hind: 249.-<\/p>","protected":false},"featured_media":38813,"template":"","meta":{"_acf_changed":false},"product_brand":[],"product_cat":[164],"product_tag":[],"class_list":{"0":"post-38812","1":"product","2":"type-product","3":"status-publish","4":"has-post-thumbnail","6":"product_cat-diivanid","8":"first","9":"instock","10":"shipping-taxable","11":"purchasable","12":"product-type-simple"},"acf":[],"_links":{"self":[{"href":"https:\/\/www.trendfurniture.ee\/en\/wp-json\/wp\/v2\/product\/38812","targetHints":{"allow":["GET"]}}],"collection":[{"href":"https:\/\/www.trendfurniture.ee\/en\/wp-json\/wp\/v2\/product"}],"about":[{"href":"https:\/\/www.trendfurniture.ee\/en\/wp-json\/wp\/v2\/types\/product"}],"wp:featuredmedia":[{"embeddable":true,"href":"https:\/\/www.trendfurniture.ee\/en\/wp-json\/wp\/v2\/media\/38813"}],"wp:attachment":[{"href":"https:\/\/www.trendfurniture.ee\/en\/wp-json\/wp\/v2\/media?parent=38812"}],"wp:term":[{"taxonomy":"product_brand","embeddable":true,"href":"https:\/\/www.trendfurniture.ee\/en\/wp-json\/wp\/v2\/product_brand?post=38812"},{"taxonomy":"product_cat","embeddable":true,"href":"https:\/\/www.trendfurniture.ee\/en\/wp-json\/wp\/v2\/product_cat?post=38812"},{"taxonomy":"product_tag","embeddable":true,"href":"https:\/\/www.trendfurniture.ee\/en\/wp-json\/wp\/v2\/product_tag?post=38812"}],"curies":[{"name":"wp","href":"https:\/\/api.w.org\/{rel}","templated":true}]}}