{"id":38952,"date":"2026-03-18T08:18:55","date_gmt":"2026-03-18T08:18:55","guid":{"rendered":"https:\/\/trendfurniture.ee\/?post_type=product&#038;p=38952"},"modified":"2026-03-18T08:18:55","modified_gmt":"2026-03-18T08:18:55","slug":"diivan","status":"publish","type":"product","link":"https:\/\/www.trendfurniture.ee\/en\/product\/diivan\/","title":{"rendered":"Diivan"},"content":{"rendered":"","protected":false},"excerpt":{"rendered":"<p>Kasutatud, heas korras diivan, m\u00f5\u00f5tudega: 195 x 90, k\u00f5rgus 80<\/p>\n<p>Hind: 160.-<\/p>","protected":false},"featured_media":38953,"template":"","meta":{"_acf_changed":false},"product_brand":[],"product_cat":[164],"product_tag":[],"class_list":{"0":"post-38952","1":"product","2":"type-product","3":"status-publish","4":"has-post-thumbnail","6":"product_cat-diivanid","8":"first","9":"instock","10":"shipping-taxable","11":"purchasable","12":"product-type-simple"},"acf":[],"_links":{"self":[{"href":"https:\/\/www.trendfurniture.ee\/en\/wp-json\/wp\/v2\/product\/38952","targetHints":{"allow":["GET"]}}],"collection":[{"href":"https:\/\/www.trendfurniture.ee\/en\/wp-json\/wp\/v2\/product"}],"about":[{"href":"https:\/\/www.trendfurniture.ee\/en\/wp-json\/wp\/v2\/types\/product"}],"wp:featuredmedia":[{"embeddable":true,"href":"https:\/\/www.trendfurniture.ee\/en\/wp-json\/wp\/v2\/media\/38953"}],"wp:attachment":[{"href":"https:\/\/www.trendfurniture.ee\/en\/wp-json\/wp\/v2\/media?parent=38952"}],"wp:term":[{"taxonomy":"product_brand","embeddable":true,"href":"https:\/\/www.trendfurniture.ee\/en\/wp-json\/wp\/v2\/product_brand?post=38952"},{"taxonomy":"product_cat","embeddable":true,"href":"https:\/\/www.trendfurniture.ee\/en\/wp-json\/wp\/v2\/product_cat?post=38952"},{"taxonomy":"product_tag","embeddable":true,"href":"https:\/\/www.trendfurniture.ee\/en\/wp-json\/wp\/v2\/product_tag?post=38952"}],"curies":[{"name":"wp","href":"https:\/\/api.w.org\/{rel}","templated":true}]}}