{"id":38986,"date":"2026-03-23T09:35:26","date_gmt":"2026-03-23T09:35:26","guid":{"rendered":"https:\/\/trendfurniture.ee\/?post_type=product&#038;p=38986"},"modified":"2026-03-23T09:35:26","modified_gmt":"2026-03-23T09:35:26","slug":"madratsid-80-x-200-2","status":"publish","type":"product","link":"https:\/\/trendfurniture.ee\/en\/product\/madratsid-80-x-200-2\/","title":{"rendered":"Madratsid 80 x 200"},"content":{"rendered":"","protected":false},"excerpt":{"rendered":"<p>Kasutatud, heas korras madratsid 80 x 200, paksus 23<\/p>\n<p>Saadaval 2 tk.<\/p>\n<p>Vedrustus j\u00e4ik.<\/p>\n<p>Kate lukuga eemaldatav.<\/p>\n<p>V\u00f5ib esineda natuke m\u00e4\u00e4rdumist.<\/p>\n<p>Hind: 75.- tk.<\/p>","protected":false},"featured_media":38987,"template":"","meta":[],"product_brand":[],"product_cat":[231],"product_tag":[],"class_list":{"0":"post-38986","1":"product","2":"type-product","3":"status-publish","4":"has-post-thumbnail","6":"product_cat-madratsid-kattemadratsid","8":"first","9":"instock","10":"shipping-taxable","11":"purchasable","12":"product-type-simple"},"_links":{"self":[{"href":"https:\/\/trendfurniture.ee\/en\/wp-json\/wp\/v2\/product\/38986","targetHints":{"allow":["GET"]}}],"collection":[{"href":"https:\/\/trendfurniture.ee\/en\/wp-json\/wp\/v2\/product"}],"about":[{"href":"https:\/\/trendfurniture.ee\/en\/wp-json\/wp\/v2\/types\/product"}],"version-history":[{"count":0,"href":"https:\/\/trendfurniture.ee\/en\/wp-json\/wp\/v2\/product\/38986\/revisions"}],"wp:featuredmedia":[{"embeddable":true,"href":"https:\/\/trendfurniture.ee\/en\/wp-json\/wp\/v2\/media\/38987"}],"wp:attachment":[{"href":"https:\/\/trendfurniture.ee\/en\/wp-json\/wp\/v2\/media?parent=38986"}],"wp:term":[{"taxonomy":"product_brand","embeddable":true,"href":"https:\/\/trendfurniture.ee\/en\/wp-json\/wp\/v2\/product_brand?post=38986"},{"taxonomy":"product_cat","embeddable":true,"href":"https:\/\/trendfurniture.ee\/en\/wp-json\/wp\/v2\/product_cat?post=38986"},{"taxonomy":"product_tag","embeddable":true,"href":"https:\/\/trendfurniture.ee\/en\/wp-json\/wp\/v2\/product_tag?post=38986"}],"curies":[{"name":"wp","href":"https:\/\/api.w.org\/{rel}","templated":true}]}}