{"id":39088,"date":"2026-04-02T12:42:58","date_gmt":"2026-04-02T12:42:58","guid":{"rendered":"https:\/\/trendfurniture.ee\/?post_type=product&#038;p=39088"},"modified":"2026-04-02T12:42:58","modified_gmt":"2026-04-02T12:42:58","slug":"kusetid-80-x-200-2-tk","status":"publish","type":"product","link":"https:\/\/www.trendfurniture.ee\/en\/product\/kusetid-80-x-200-2-tk\/","title":{"rendered":"Ku\u0161etid 80 x 200, 2 tk."},"content":{"rendered":"","protected":false},"excerpt":{"rendered":"<p>Kasutatud, v\u00e4ga heas korras &#8220;UNIKULMA&#8221; ku\u0161etid koos madratsiga, m\u00f5\u00f5tudega 80 x 200, istumisk\u00f5rgus 45,\u00a0 2 tk.<\/p>\n<p>Vedrustus keskmisest j\u00e4igem.<\/p>\n<p>Katted lukuga eemaldatavad.<\/p>\n<p>Komplekti hind: 240.-<\/p>","protected":false},"featured_media":39089,"template":"","meta":{"_acf_changed":false},"product_brand":[],"product_cat":[229],"product_tag":[],"class_list":{"0":"post-39088","1":"product","2":"type-product","3":"status-publish","4":"has-post-thumbnail","6":"product_cat-voodid-kusetid","8":"first","9":"instock","10":"shipping-taxable","11":"purchasable","12":"product-type-simple"},"acf":[],"_links":{"self":[{"href":"https:\/\/www.trendfurniture.ee\/en\/wp-json\/wp\/v2\/product\/39088","targetHints":{"allow":["GET"]}}],"collection":[{"href":"https:\/\/www.trendfurniture.ee\/en\/wp-json\/wp\/v2\/product"}],"about":[{"href":"https:\/\/www.trendfurniture.ee\/en\/wp-json\/wp\/v2\/types\/product"}],"wp:featuredmedia":[{"embeddable":true,"href":"https:\/\/www.trendfurniture.ee\/en\/wp-json\/wp\/v2\/media\/39089"}],"wp:attachment":[{"href":"https:\/\/www.trendfurniture.ee\/en\/wp-json\/wp\/v2\/media?parent=39088"}],"wp:term":[{"taxonomy":"product_brand","embeddable":true,"href":"https:\/\/www.trendfurniture.ee\/en\/wp-json\/wp\/v2\/product_brand?post=39088"},{"taxonomy":"product_cat","embeddable":true,"href":"https:\/\/www.trendfurniture.ee\/en\/wp-json\/wp\/v2\/product_cat?post=39088"},{"taxonomy":"product_tag","embeddable":true,"href":"https:\/\/www.trendfurniture.ee\/en\/wp-json\/wp\/v2\/product_tag?post=39088"}],"curies":[{"name":"wp","href":"https:\/\/api.w.org\/{rel}","templated":true}]}}