{"id":39157,"date":"2026-04-23T14:27:11","date_gmt":"2026-04-23T14:27:11","guid":{"rendered":"https:\/\/trendfurniture.ee\/?post_type=product&#038;p=39157"},"modified":"2026-04-23T14:27:11","modified_gmt":"2026-04-23T14:27:11","slug":"nurgadiivan-2","status":"publish","type":"product","link":"https:\/\/www.trendfurniture.ee\/en\/product\/nurgadiivan-2\/","title":{"rendered":"Nurgadiivan"},"content":{"rendered":"","protected":false},"excerpt":{"rendered":"<p>UUEV\u00c4\u00c4RNE nurgadiivan &#8220;CALVARO REC-2&#8221;, m\u00f5\u00f5tudega: 295 x 160, k\u00f5rgus 82<\/p>\n<p>Hind: 549.-<\/p>","protected":false},"featured_media":39160,"template":"","meta":{"_acf_changed":false},"product_brand":[],"product_cat":[164],"product_tag":[],"class_list":{"0":"post-39157","1":"product","2":"type-product","3":"status-publish","4":"has-post-thumbnail","6":"product_cat-diivanid","8":"first","9":"instock","10":"shipping-taxable","11":"purchasable","12":"product-type-simple"},"acf":[],"_links":{"self":[{"href":"https:\/\/www.trendfurniture.ee\/en\/wp-json\/wp\/v2\/product\/39157","targetHints":{"allow":["GET"]}}],"collection":[{"href":"https:\/\/www.trendfurniture.ee\/en\/wp-json\/wp\/v2\/product"}],"about":[{"href":"https:\/\/www.trendfurniture.ee\/en\/wp-json\/wp\/v2\/types\/product"}],"wp:featuredmedia":[{"embeddable":true,"href":"https:\/\/www.trendfurniture.ee\/en\/wp-json\/wp\/v2\/media\/39160"}],"wp:attachment":[{"href":"https:\/\/www.trendfurniture.ee\/en\/wp-json\/wp\/v2\/media?parent=39157"}],"wp:term":[{"taxonomy":"product_brand","embeddable":true,"href":"https:\/\/www.trendfurniture.ee\/en\/wp-json\/wp\/v2\/product_brand?post=39157"},{"taxonomy":"product_cat","embeddable":true,"href":"https:\/\/www.trendfurniture.ee\/en\/wp-json\/wp\/v2\/product_cat?post=39157"},{"taxonomy":"product_tag","embeddable":true,"href":"https:\/\/www.trendfurniture.ee\/en\/wp-json\/wp\/v2\/product_tag?post=39157"}],"curies":[{"name":"wp","href":"https:\/\/api.w.org\/{rel}","templated":true}]}}