{"id":39173,"date":"2026-04-30T09:53:48","date_gmt":"2026-04-30T09:53:48","guid":{"rendered":"https:\/\/www.trendfurniture.ee\/?post_type=product&#038;p=39173"},"modified":"2026-04-30T09:53:48","modified_gmt":"2026-04-30T09:53:48","slug":"kusett-90-x-200-kattemadrats","status":"publish","type":"product","link":"https:\/\/www.trendfurniture.ee\/en\/product\/kusett-90-x-200-kattemadrats\/","title":{"rendered":"Ku\u0161ett 90 x 200 + kattemadrats"},"content":{"rendered":"","protected":false},"excerpt":{"rendered":"<p>Kasutatud &#8220;H\u00c4STENS&#8221; ku\u0161ett koos kattemadratsiga, m\u00f5\u00f5tudega 90 x 200, istumisk\u00f5rgus 42<\/p>\n<p>Vedrustus keskmisest j\u00e4igem.<\/p>\n<p>Esineb v\u00e4iksemaid kasutusj\u00e4lgi.<\/p>\n<p>Hind: 85.-<\/p>","protected":false},"featured_media":39174,"template":"","meta":{"_acf_changed":false},"product_brand":[],"product_cat":[229],"product_tag":[],"class_list":{"0":"post-39173","1":"product","2":"type-product","3":"status-publish","4":"has-post-thumbnail","6":"product_cat-voodid-kusetid","8":"first","9":"instock","10":"shipping-taxable","11":"purchasable","12":"product-type-simple"},"acf":[],"_links":{"self":[{"href":"https:\/\/www.trendfurniture.ee\/en\/wp-json\/wp\/v2\/product\/39173","targetHints":{"allow":["GET"]}}],"collection":[{"href":"https:\/\/www.trendfurniture.ee\/en\/wp-json\/wp\/v2\/product"}],"about":[{"href":"https:\/\/www.trendfurniture.ee\/en\/wp-json\/wp\/v2\/types\/product"}],"wp:featuredmedia":[{"embeddable":true,"href":"https:\/\/www.trendfurniture.ee\/en\/wp-json\/wp\/v2\/media\/39174"}],"wp:attachment":[{"href":"https:\/\/www.trendfurniture.ee\/en\/wp-json\/wp\/v2\/media?parent=39173"}],"wp:term":[{"taxonomy":"product_brand","embeddable":true,"href":"https:\/\/www.trendfurniture.ee\/en\/wp-json\/wp\/v2\/product_brand?post=39173"},{"taxonomy":"product_cat","embeddable":true,"href":"https:\/\/www.trendfurniture.ee\/en\/wp-json\/wp\/v2\/product_cat?post=39173"},{"taxonomy":"product_tag","embeddable":true,"href":"https:\/\/www.trendfurniture.ee\/en\/wp-json\/wp\/v2\/product_tag?post=39173"}],"curies":[{"name":"wp","href":"https:\/\/api.w.org\/{rel}","templated":true}]}}