{"id":29609,"date":"2022-09-22T10:30:06","date_gmt":"2022-09-22T10:30:06","guid":{"rendered":"https:\/\/trendfurniture.ee\/?post_type=product&#038;p=29609"},"modified":"2026-03-12T10:13:02","modified_gmt":"2026-03-12T10:13:02","slug":"tea-entsuklopeedia","status":"publish","type":"product","link":"https:\/\/www.trendfurniture.ee\/ru\/product\/tea-entsuklopeedia\/","title":{"rendered":"TEA ents\u00fcklopeedia"},"content":{"rendered":"","protected":false},"excerpt":{"rendered":"<p>M\u00fc\u00fca TEA ents\u00fcklopeediad 1-12<br \/>\nSaatmis v\u00f5imalus.<br \/>\nKomplekti hind: 99.-<\/p>","protected":false},"featured_media":29610,"template":"","meta":{"_acf_changed":false},"product_brand":[],"product_cat":[81,151],"product_tag":[],"class_list":{"0":"post-29609","1":"product","2":"type-product","3":"status-publish","4":"has-post-thumbnail","6":"product_cat-antiikpeeglid","7":"product_cat-varia","9":"first","10":"instock","11":"shipping-taxable","12":"purchasable","13":"product-type-simple"},"acf":[],"_links":{"self":[{"href":"https:\/\/www.trendfurniture.ee\/ru\/wp-json\/wp\/v2\/product\/29609","targetHints":{"allow":["GET"]}}],"collection":[{"href":"https:\/\/www.trendfurniture.ee\/ru\/wp-json\/wp\/v2\/product"}],"about":[{"href":"https:\/\/www.trendfurniture.ee\/ru\/wp-json\/wp\/v2\/types\/product"}],"wp:featuredmedia":[{"embeddable":true,"href":"https:\/\/www.trendfurniture.ee\/ru\/wp-json\/wp\/v2\/media\/29610"}],"wp:attachment":[{"href":"https:\/\/www.trendfurniture.ee\/ru\/wp-json\/wp\/v2\/media?parent=29609"}],"wp:term":[{"taxonomy":"product_brand","embeddable":true,"href":"https:\/\/www.trendfurniture.ee\/ru\/wp-json\/wp\/v2\/product_brand?post=29609"},{"taxonomy":"product_cat","embeddable":true,"href":"https:\/\/www.trendfurniture.ee\/ru\/wp-json\/wp\/v2\/product_cat?post=29609"},{"taxonomy":"product_tag","embeddable":true,"href":"https:\/\/www.trendfurniture.ee\/ru\/wp-json\/wp\/v2\/product_tag?post=29609"}],"curies":[{"name":"wp","href":"https:\/\/api.w.org\/{rel}","templated":true}]}}