{"id":30100,"date":"2022-09-30T09:23:31","date_gmt":"2022-09-30T09:23:31","guid":{"rendered":"https:\/\/trendfurniture.ee\/?post_type=product&#038;p=30100"},"modified":"2024-10-10T08:21:46","modified_gmt":"2024-10-10T08:21:46","slug":"kristallklaasist-rippvalgusti","status":"publish","type":"product","link":"https:\/\/www.trendfurniture.ee\/ru\/product\/kristallklaasist-rippvalgusti\/","title":{"rendered":"Kristallklaasist rippvalgusti"},"content":{"rendered":"","protected":false},"excerpt":{"rendered":"<p>\u00dcksikasjad<br \/>\n&#8211; Glamuurne ripplamp<br \/>\n&#8211; \u00dchekordsetest klaaskividest lambikuppel<br \/>\n&#8211; Elegantne disain<\/p>\n<p>&#8211; Elektrifitseerimine: 3 x E27, max. 40 W<br \/>\n&#8211; Pirnid ei kuulu komplekti<br \/>\n&#8211; H\u00e4mardatav sobivate dimmerite ja pirnidega<\/p>\n<p>V\u00e4rv<br \/>\nLambikuppel: l\u00e4bipaistev peegelpilt, kuldne<br \/>\nVarikatus: kroom<br \/>\nKett: kroomitud<br \/>\nKaabel: l\u00e4bipaistev<\/p>\n<p>M\u00f5\u00f5dud:<br \/>\nLambikuppel:<br \/>\nL\u00e4bim\u00f5\u00f5t 35 cm<br \/>\nK\u00f5rgus 15 cm<br \/>\nLaest riputus:<br \/>\nk\u00f5rgus reguleeritav kuni max. 136 cm<\/p>\n<p>Materjal<br \/>\nLambikuppel: klaas<br \/>\nVarikatus: teras<br \/>\nKett: teras<br \/>\nKaabel: s\u00fcnteetiline materjal<\/p>","protected":false},"featured_media":30101,"template":"","meta":{"_acf_changed":false},"product_brand":[],"product_cat":[171],"product_tag":[],"class_list":{"0":"post-30100","1":"product","2":"type-product","3":"status-publish","4":"has-post-thumbnail","6":"product_cat-valgustid","8":"first","9":"instock","10":"sale","11":"shipping-taxable","12":"purchasable","13":"product-type-simple"},"acf":[],"_links":{"self":[{"href":"https:\/\/www.trendfurniture.ee\/ru\/wp-json\/wp\/v2\/product\/30100","targetHints":{"allow":["GET"]}}],"collection":[{"href":"https:\/\/www.trendfurniture.ee\/ru\/wp-json\/wp\/v2\/product"}],"about":[{"href":"https:\/\/www.trendfurniture.ee\/ru\/wp-json\/wp\/v2\/types\/product"}],"wp:featuredmedia":[{"embeddable":true,"href":"https:\/\/www.trendfurniture.ee\/ru\/wp-json\/wp\/v2\/media\/30101"}],"wp:attachment":[{"href":"https:\/\/www.trendfurniture.ee\/ru\/wp-json\/wp\/v2\/media?parent=30100"}],"wp:term":[{"taxonomy":"product_brand","embeddable":true,"href":"https:\/\/www.trendfurniture.ee\/ru\/wp-json\/wp\/v2\/product_brand?post=30100"},{"taxonomy":"product_cat","embeddable":true,"href":"https:\/\/www.trendfurniture.ee\/ru\/wp-json\/wp\/v2\/product_cat?post=30100"},{"taxonomy":"product_tag","embeddable":true,"href":"https:\/\/www.trendfurniture.ee\/ru\/wp-json\/wp\/v2\/product_tag?post=30100"}],"curies":[{"name":"wp","href":"https:\/\/api.w.org\/{rel}","templated":true}]}}