{"id":30306,"date":"2022-10-03T11:28:10","date_gmt":"2022-10-03T11:28:10","guid":{"rendered":"https:\/\/trendfurniture.ee\/?post_type=product&#038;p=30306"},"modified":"2022-10-03T11:28:10","modified_gmt":"2022-10-03T11:28:10","slug":"kirjutuslaud-5","status":"publish","type":"product","link":"https:\/\/www.trendfurniture.ee\/ru\/product\/kirjutuslaud-5\/","title":{"rendered":"Kirjutuslaud 5"},"content":{"rendered":"","protected":false},"excerpt":{"rendered":"<p>Kasutatud kirjutuslauad<\/p>\n<p>M\u00f5\u00f5dud 119 x 98, K\u00f5rgus 76<\/p>\n<p>Kogus 20 plus<\/p>\n<p>\u00dche laua hind 25.-<\/p>","protected":false},"featured_media":30307,"template":"","meta":{"_acf_changed":false},"product_brand":[],"product_cat":[160],"product_tag":[],"class_list":{"0":"post-30306","1":"product","2":"type-product","3":"status-publish","4":"has-post-thumbnail","6":"product_cat-kirjutuslauad","8":"first","9":"instock","10":"shipping-taxable","11":"purchasable","12":"product-type-simple"},"acf":[],"_links":{"self":[{"href":"https:\/\/www.trendfurniture.ee\/ru\/wp-json\/wp\/v2\/product\/30306","targetHints":{"allow":["GET"]}}],"collection":[{"href":"https:\/\/www.trendfurniture.ee\/ru\/wp-json\/wp\/v2\/product"}],"about":[{"href":"https:\/\/www.trendfurniture.ee\/ru\/wp-json\/wp\/v2\/types\/product"}],"wp:featuredmedia":[{"embeddable":true,"href":"https:\/\/www.trendfurniture.ee\/ru\/wp-json\/wp\/v2\/media\/30307"}],"wp:attachment":[{"href":"https:\/\/www.trendfurniture.ee\/ru\/wp-json\/wp\/v2\/media?parent=30306"}],"wp:term":[{"taxonomy":"product_brand","embeddable":true,"href":"https:\/\/www.trendfurniture.ee\/ru\/wp-json\/wp\/v2\/product_brand?post=30306"},{"taxonomy":"product_cat","embeddable":true,"href":"https:\/\/www.trendfurniture.ee\/ru\/wp-json\/wp\/v2\/product_cat?post=30306"},{"taxonomy":"product_tag","embeddable":true,"href":"https:\/\/www.trendfurniture.ee\/ru\/wp-json\/wp\/v2\/product_tag?post=30306"}],"curies":[{"name":"wp","href":"https:\/\/api.w.org\/{rel}","templated":true}]}}