{"id":31554,"date":"2023-03-13T10:46:31","date_gmt":"2023-03-13T10:46:31","guid":{"rendered":"https:\/\/trendfurniture.ee\/?post_type=product&#038;p=31554"},"modified":"2023-03-13T10:46:31","modified_gmt":"2023-03-13T10:46:31","slug":"reguleeritava-korgusega-kontorilaua-raamid","status":"publish","type":"product","link":"https:\/\/www.trendfurniture.ee\/ru\/product\/reguleeritava-korgusega-kontorilaua-raamid\/","title":{"rendered":"Reguleeritava k\u00f5rgusega kontorilaua raamid"},"content":{"rendered":"","protected":false},"excerpt":{"rendered":"<p>Kasutatud, korralikud reguleeritava k\u00f5rgusega kontorilaua raamid, m\u00f5\u00f5tudega: 72 x 112, k\u00f5rgus 75 ( +-10 cm.)<br \/>\nSaadaval 10 + tk.<\/p>","protected":false},"featured_media":31555,"template":"","meta":{"_acf_changed":false},"product_brand":[],"product_cat":[103],"product_tag":[],"class_list":{"0":"post-31554","1":"product","2":"type-product","3":"status-publish","4":"has-post-thumbnail","6":"product_cat-soogilauad-toolid-1","8":"first","9":"instock","10":"shipping-taxable","11":"purchasable","12":"product-type-simple"},"acf":[],"_links":{"self":[{"href":"https:\/\/www.trendfurniture.ee\/ru\/wp-json\/wp\/v2\/product\/31554","targetHints":{"allow":["GET"]}}],"collection":[{"href":"https:\/\/www.trendfurniture.ee\/ru\/wp-json\/wp\/v2\/product"}],"about":[{"href":"https:\/\/www.trendfurniture.ee\/ru\/wp-json\/wp\/v2\/types\/product"}],"wp:featuredmedia":[{"embeddable":true,"href":"https:\/\/www.trendfurniture.ee\/ru\/wp-json\/wp\/v2\/media\/31555"}],"wp:attachment":[{"href":"https:\/\/www.trendfurniture.ee\/ru\/wp-json\/wp\/v2\/media?parent=31554"}],"wp:term":[{"taxonomy":"product_brand","embeddable":true,"href":"https:\/\/www.trendfurniture.ee\/ru\/wp-json\/wp\/v2\/product_brand?post=31554"},{"taxonomy":"product_cat","embeddable":true,"href":"https:\/\/www.trendfurniture.ee\/ru\/wp-json\/wp\/v2\/product_cat?post=31554"},{"taxonomy":"product_tag","embeddable":true,"href":"https:\/\/www.trendfurniture.ee\/ru\/wp-json\/wp\/v2\/product_tag?post=31554"}],"curies":[{"name":"wp","href":"https:\/\/api.w.org\/{rel}","templated":true}]}}