{"id":33379,"date":"2023-10-24T12:50:52","date_gmt":"2023-10-24T12:50:52","guid":{"rendered":"https:\/\/trendfurniture.ee\/?post_type=product&#038;p=33379"},"modified":"2026-04-17T12:52:30","modified_gmt":"2026-04-17T12:52:30","slug":"haagisel-kumblustunni-rent","status":"publish","type":"product","link":"https:\/\/www.trendfurniture.ee\/ru\/product\/haagisel-kumblustunni-rent\/","title":{"rendered":"Haagisel k\u00fcmblust\u00fcnni rent"},"content":{"rendered":"","protected":false},"excerpt":{"rendered":"<p>K\u00fcmblust\u00fcnn Delux on t\u00e4nap\u00e4eva m\u00f5istes parim, mis turul olemas on. Eriliseks ja kompaktseks teeb selle integreeritud roostevaba metallist puuk\u00fctteahi ja kiire k\u00fctmisaeg, mist\u00f5ttu kulub ka v\u00e4hem puid. Lisaks sellele on k\u00fcmblust\u00fcnnil olemas stereos\u00fcteem (raadio, Bluetooth), LED-valgustus ja mullis\u00fcsteem. Kuna t\u00fcnn t\u00f6\u00f6tab akutoitel, v\u00f5id seda kasutada, kus iganes. T\u00fcnniga on kaasas ka akulaadija.<\/p>\n<p>Rendihinnad.<\/p>\n<p>70\u20ac \/ 1 \u00f6\u00f6p\u00e4ev*<br \/>\nPikem periood kokkuleppel.<br \/>\nTagatisraha 100\u20ac<br \/>\n*Transport ei kuulu hinna sisse. Transport kokkuleppel.<br \/>\nRiiklikel p\u00fchadel hind +50%.<\/p>\n<p>T\u00fcnnisaun saadaval Tartus ja Elvas.<\/p>\n<p>Info: 58372632<\/p>","protected":false},"featured_media":33380,"template":"","meta":{"_acf_changed":false},"product_brand":[],"product_cat":[237],"product_tag":[],"class_list":{"0":"post-33379","1":"product","2":"type-product","3":"status-publish","4":"has-post-thumbnail","6":"product_cat-peotelgi-rent","8":"first","9":"instock","10":"shipping-taxable","11":"purchasable","12":"product-type-simple"},"acf":[],"_links":{"self":[{"href":"https:\/\/www.trendfurniture.ee\/ru\/wp-json\/wp\/v2\/product\/33379","targetHints":{"allow":["GET"]}}],"collection":[{"href":"https:\/\/www.trendfurniture.ee\/ru\/wp-json\/wp\/v2\/product"}],"about":[{"href":"https:\/\/www.trendfurniture.ee\/ru\/wp-json\/wp\/v2\/types\/product"}],"wp:featuredmedia":[{"embeddable":true,"href":"https:\/\/www.trendfurniture.ee\/ru\/wp-json\/wp\/v2\/media\/33380"}],"wp:attachment":[{"href":"https:\/\/www.trendfurniture.ee\/ru\/wp-json\/wp\/v2\/media?parent=33379"}],"wp:term":[{"taxonomy":"product_brand","embeddable":true,"href":"https:\/\/www.trendfurniture.ee\/ru\/wp-json\/wp\/v2\/product_brand?post=33379"},{"taxonomy":"product_cat","embeddable":true,"href":"https:\/\/www.trendfurniture.ee\/ru\/wp-json\/wp\/v2\/product_cat?post=33379"},{"taxonomy":"product_tag","embeddable":true,"href":"https:\/\/www.trendfurniture.ee\/ru\/wp-json\/wp\/v2\/product_tag?post=33379"}],"curies":[{"name":"wp","href":"https:\/\/api.w.org\/{rel}","templated":true}]}}