{"id":33422,"date":"2023-11-01T08:59:49","date_gmt":"2023-11-01T08:59:49","guid":{"rendered":"https:\/\/trendfurniture.ee\/?post_type=product&#038;p=33422"},"modified":"2023-11-01T08:59:49","modified_gmt":"2023-11-01T08:59:49","slug":"uus-kahepoolselt-kasutatav-laud-riiul","status":"publish","type":"product","link":"https:\/\/www.trendfurniture.ee\/ru\/product\/uus-kahepoolselt-kasutatav-laud-riiul\/","title":{"rendered":"UUS kahepoolselt kasutatav laud + riiul"},"content":{"rendered":"","protected":false},"excerpt":{"rendered":"<p>UUS kahepoolselt kasutatav laud + riiul.<br \/>\nLaual avaneb sahtel m\u00f5lemale poole.<br \/>\nLaua m\u00f5\u00f5dud:170 x 64, k\u00f5rgus 35<br \/>\nRiiuli m\u00f5\u00f5dud:64 x 31, k\u00f5rgus 136<br \/>\nKomplekti hind: 149.<\/p>","protected":false},"featured_media":33423,"template":"","meta":{"_acf_changed":false},"product_brand":[],"product_cat":[126],"product_tag":[],"class_list":{"0":"post-33422","1":"product","2":"type-product","3":"status-publish","4":"has-post-thumbnail","6":"product_cat-kummutid-kapid","8":"first","9":"instock","10":"shipping-taxable","11":"purchasable","12":"product-type-simple"},"acf":[],"_links":{"self":[{"href":"https:\/\/www.trendfurniture.ee\/ru\/wp-json\/wp\/v2\/product\/33422","targetHints":{"allow":["GET"]}}],"collection":[{"href":"https:\/\/www.trendfurniture.ee\/ru\/wp-json\/wp\/v2\/product"}],"about":[{"href":"https:\/\/www.trendfurniture.ee\/ru\/wp-json\/wp\/v2\/types\/product"}],"wp:featuredmedia":[{"embeddable":true,"href":"https:\/\/www.trendfurniture.ee\/ru\/wp-json\/wp\/v2\/media\/33423"}],"wp:attachment":[{"href":"https:\/\/www.trendfurniture.ee\/ru\/wp-json\/wp\/v2\/media?parent=33422"}],"wp:term":[{"taxonomy":"product_brand","embeddable":true,"href":"https:\/\/www.trendfurniture.ee\/ru\/wp-json\/wp\/v2\/product_brand?post=33422"},{"taxonomy":"product_cat","embeddable":true,"href":"https:\/\/www.trendfurniture.ee\/ru\/wp-json\/wp\/v2\/product_cat?post=33422"},{"taxonomy":"product_tag","embeddable":true,"href":"https:\/\/www.trendfurniture.ee\/ru\/wp-json\/wp\/v2\/product_tag?post=33422"}],"curies":[{"name":"wp","href":"https:\/\/api.w.org\/{rel}","templated":true}]}}