{"id":35671,"date":"2024-09-13T09:41:06","date_gmt":"2024-09-13T09:41:06","guid":{"rendered":"https:\/\/trendfurniture.ee\/?post_type=product&#038;p=35671"},"modified":"2024-09-13T09:41:06","modified_gmt":"2024-09-13T09:41:06","slug":"valgustid","status":"publish","type":"product","link":"https:\/\/www.trendfurniture.ee\/ru\/product\/valgustid\/","title":{"rendered":"Valgustid"},"content":{"rendered":"","protected":false},"excerpt":{"rendered":"<p>Kasutatud, korralikud valgustid 6 tk.<br \/>\nM\u00f5\u00f5tudega 31 x 31, s\u00fcgavus 9.<br \/>\nKomplekti hind: 49.-<\/p>","protected":false},"featured_media":35672,"template":"","meta":{"_acf_changed":false},"product_brand":[],"product_cat":[173,171],"product_tag":[],"class_list":{"0":"post-35671","1":"product","2":"type-product","3":"status-publish","4":"has-post-thumbnail","6":"product_cat-antiikvalgustid","7":"product_cat-valgustid","9":"first","10":"instock","11":"shipping-taxable","12":"purchasable","13":"product-type-simple"},"acf":[],"_links":{"self":[{"href":"https:\/\/www.trendfurniture.ee\/ru\/wp-json\/wp\/v2\/product\/35671","targetHints":{"allow":["GET"]}}],"collection":[{"href":"https:\/\/www.trendfurniture.ee\/ru\/wp-json\/wp\/v2\/product"}],"about":[{"href":"https:\/\/www.trendfurniture.ee\/ru\/wp-json\/wp\/v2\/types\/product"}],"wp:featuredmedia":[{"embeddable":true,"href":"https:\/\/www.trendfurniture.ee\/ru\/wp-json\/wp\/v2\/media\/35672"}],"wp:attachment":[{"href":"https:\/\/www.trendfurniture.ee\/ru\/wp-json\/wp\/v2\/media?parent=35671"}],"wp:term":[{"taxonomy":"product_brand","embeddable":true,"href":"https:\/\/www.trendfurniture.ee\/ru\/wp-json\/wp\/v2\/product_brand?post=35671"},{"taxonomy":"product_cat","embeddable":true,"href":"https:\/\/www.trendfurniture.ee\/ru\/wp-json\/wp\/v2\/product_cat?post=35671"},{"taxonomy":"product_tag","embeddable":true,"href":"https:\/\/www.trendfurniture.ee\/ru\/wp-json\/wp\/v2\/product_tag?post=35671"}],"curies":[{"name":"wp","href":"https:\/\/api.w.org\/{rel}","templated":true}]}}