{"id":37224,"date":"2025-04-04T11:56:08","date_gmt":"2025-04-04T11:56:08","guid":{"rendered":"https:\/\/trendfurniture.ee\/?post_type=product&#038;p=37224"},"modified":"2026-04-15T10:31:54","modified_gmt":"2026-04-15T10:31:54","slug":"kapp-2","status":"publish","type":"product","link":"https:\/\/www.trendfurniture.ee\/ru\/product\/kapp-2\/","title":{"rendered":"Kapp"},"content":{"rendered":"","protected":false},"excerpt":{"rendered":"<p>Korralik, tammepuidust, antiikne kapp, m\u00f5\u00f5tudega: 105 x 60, k\u00f5rgus 163<\/p>\n<p>V\u00f5ti olemas, lukud toimivad.<\/p>\n<p>&nbsp;<\/p>","protected":false},"featured_media":37225,"template":"","meta":{"_acf_changed":false},"product_brand":[],"product_cat":[59],"product_tag":[],"class_list":{"0":"post-37224","1":"product","2":"type-product","3":"status-publish","4":"has-post-thumbnail","6":"product_cat-antiik-kapid-kummutid","8":"first","9":"instock","10":"sale","11":"shipping-taxable","12":"purchasable","13":"product-type-simple"},"acf":[],"_links":{"self":[{"href":"https:\/\/www.trendfurniture.ee\/ru\/wp-json\/wp\/v2\/product\/37224","targetHints":{"allow":["GET"]}}],"collection":[{"href":"https:\/\/www.trendfurniture.ee\/ru\/wp-json\/wp\/v2\/product"}],"about":[{"href":"https:\/\/www.trendfurniture.ee\/ru\/wp-json\/wp\/v2\/types\/product"}],"wp:featuredmedia":[{"embeddable":true,"href":"https:\/\/www.trendfurniture.ee\/ru\/wp-json\/wp\/v2\/media\/37225"}],"wp:attachment":[{"href":"https:\/\/www.trendfurniture.ee\/ru\/wp-json\/wp\/v2\/media?parent=37224"}],"wp:term":[{"taxonomy":"product_brand","embeddable":true,"href":"https:\/\/www.trendfurniture.ee\/ru\/wp-json\/wp\/v2\/product_brand?post=37224"},{"taxonomy":"product_cat","embeddable":true,"href":"https:\/\/www.trendfurniture.ee\/ru\/wp-json\/wp\/v2\/product_cat?post=37224"},{"taxonomy":"product_tag","embeddable":true,"href":"https:\/\/www.trendfurniture.ee\/ru\/wp-json\/wp\/v2\/product_tag?post=37224"}],"curies":[{"name":"wp","href":"https:\/\/api.w.org\/{rel}","templated":true}]}}