{"id":38898,"date":"2026-03-10T12:54:28","date_gmt":"2026-03-10T12:54:28","guid":{"rendered":"https:\/\/trendfurniture.ee\/?post_type=product&#038;p=38898"},"modified":"2026-03-10T12:54:28","modified_gmt":"2026-03-10T12:54:28","slug":"kusett-90-x-200-4","status":"publish","type":"product","link":"https:\/\/www.trendfurniture.ee\/ru\/product\/kusett-90-x-200-4\/","title":{"rendered":"Ku\u0161ett 90 x 200"},"content":{"rendered":"","protected":false},"excerpt":{"rendered":"<p>Kasutatud, korralik ku\u0161ett &#8220;H\u00c4STENS&#8221; 90 x 200, istumisk\u00f5rgus 47.<br \/>\nEsineb natuke kasutusj\u00e4lgi.<br \/>\nHind: 79.-<\/p>","protected":false},"featured_media":38899,"template":"","meta":{"_acf_changed":false},"product_brand":[],"product_cat":[229],"product_tag":[],"class_list":{"0":"post-38898","1":"product","2":"type-product","3":"status-publish","4":"has-post-thumbnail","6":"product_cat-voodid-kusetid","8":"first","9":"instock","10":"shipping-taxable","11":"purchasable","12":"product-type-simple"},"acf":[],"_links":{"self":[{"href":"https:\/\/www.trendfurniture.ee\/ru\/wp-json\/wp\/v2\/product\/38898","targetHints":{"allow":["GET"]}}],"collection":[{"href":"https:\/\/www.trendfurniture.ee\/ru\/wp-json\/wp\/v2\/product"}],"about":[{"href":"https:\/\/www.trendfurniture.ee\/ru\/wp-json\/wp\/v2\/types\/product"}],"wp:featuredmedia":[{"embeddable":true,"href":"https:\/\/www.trendfurniture.ee\/ru\/wp-json\/wp\/v2\/media\/38899"}],"wp:attachment":[{"href":"https:\/\/www.trendfurniture.ee\/ru\/wp-json\/wp\/v2\/media?parent=38898"}],"wp:term":[{"taxonomy":"product_brand","embeddable":true,"href":"https:\/\/www.trendfurniture.ee\/ru\/wp-json\/wp\/v2\/product_brand?post=38898"},{"taxonomy":"product_cat","embeddable":true,"href":"https:\/\/www.trendfurniture.ee\/ru\/wp-json\/wp\/v2\/product_cat?post=38898"},{"taxonomy":"product_tag","embeddable":true,"href":"https:\/\/www.trendfurniture.ee\/ru\/wp-json\/wp\/v2\/product_tag?post=38898"}],"curies":[{"name":"wp","href":"https:\/\/api.w.org\/{rel}","templated":true}]}}