{"id":39047,"date":"2026-03-30T12:14:29","date_gmt":"2026-03-30T12:14:29","guid":{"rendered":"https:\/\/trendfurniture.ee\/?post_type=product&#038;p=39047"},"modified":"2026-03-30T12:14:29","modified_gmt":"2026-03-30T12:14:29","slug":"riiulid","status":"publish","type":"product","link":"https:\/\/www.trendfurniture.ee\/ru\/product\/riiulid\/","title":{"rendered":"Riiulid"},"content":{"rendered":"","protected":false},"excerpt":{"rendered":"<p>Kasutatud, v\u00e4ga heas korras riiulid, m\u00f5\u00f5tudega: 80 x 38, k\u00f5rgus 204<\/p>\n<p>Saadaval 2 tk.<\/p>\n<p>Hind: 55.- tk.<\/p>","protected":false},"featured_media":39048,"template":"","meta":[],"product_brand":[],"product_cat":[241],"product_tag":[],"class_list":{"0":"post-39047","1":"product","2":"type-product","3":"status-publish","4":"has-post-thumbnail","6":"product_cat-riiulid","8":"first","9":"instock","10":"shipping-taxable","11":"purchasable","12":"product-type-simple"},"_links":{"self":[{"href":"https:\/\/www.trendfurniture.ee\/ru\/wp-json\/wp\/v2\/product\/39047","targetHints":{"allow":["GET"]}}],"collection":[{"href":"https:\/\/www.trendfurniture.ee\/ru\/wp-json\/wp\/v2\/product"}],"about":[{"href":"https:\/\/www.trendfurniture.ee\/ru\/wp-json\/wp\/v2\/types\/product"}],"version-history":[{"count":0,"href":"https:\/\/www.trendfurniture.ee\/ru\/wp-json\/wp\/v2\/product\/39047\/revisions"}],"wp:featuredmedia":[{"embeddable":true,"href":"https:\/\/www.trendfurniture.ee\/ru\/wp-json\/wp\/v2\/media\/39048"}],"wp:attachment":[{"href":"https:\/\/www.trendfurniture.ee\/ru\/wp-json\/wp\/v2\/media?parent=39047"}],"wp:term":[{"taxonomy":"product_brand","embeddable":true,"href":"https:\/\/www.trendfurniture.ee\/ru\/wp-json\/wp\/v2\/product_brand?post=39047"},{"taxonomy":"product_cat","embeddable":true,"href":"https:\/\/www.trendfurniture.ee\/ru\/wp-json\/wp\/v2\/product_cat?post=39047"},{"taxonomy":"product_tag","embeddable":true,"href":"https:\/\/www.trendfurniture.ee\/ru\/wp-json\/wp\/v2\/product_tag?post=39047"}],"curies":[{"name":"wp","href":"https:\/\/api.w.org\/{rel}","templated":true}]}}