{"id":39123,"date":"2026-04-08T08:44:34","date_gmt":"2026-04-08T08:44:34","guid":{"rendered":"https:\/\/trendfurniture.ee\/?post_type=product&#038;p=39123"},"modified":"2026-04-08T11:32:40","modified_gmt":"2026-04-08T11:32:40","slug":"printeri-alus","status":"publish","type":"product","link":"https:\/\/www.trendfurniture.ee\/ru\/product\/printeri-alus\/","title":{"rendered":"Printeri alus"},"content":{"rendered":"","protected":false},"excerpt":{"rendered":"<p>Kasutatud, v\u00e4ga heas korras, metallist, printeri alus, m\u00f5\u00f5tudega: 60 x 60, k\u00f5rgus 58<\/p>\n<p>Hind: 32.-<\/p>","protected":false},"featured_media":39124,"template":"","meta":{"_acf_changed":false},"product_brand":[],"product_cat":[97,126,241,151],"product_tag":[],"class_list":{"0":"post-39123","1":"product","2":"type-product","3":"status-publish","4":"has-post-thumbnail","6":"product_cat-kodutehnika","7":"product_cat-kummutid-kapid","8":"product_cat-riiulid","9":"product_cat-varia","11":"first","12":"instock","13":"shipping-taxable","14":"purchasable","15":"product-type-simple"},"acf":[],"_links":{"self":[{"href":"https:\/\/www.trendfurniture.ee\/ru\/wp-json\/wp\/v2\/product\/39123","targetHints":{"allow":["GET"]}}],"collection":[{"href":"https:\/\/www.trendfurniture.ee\/ru\/wp-json\/wp\/v2\/product"}],"about":[{"href":"https:\/\/www.trendfurniture.ee\/ru\/wp-json\/wp\/v2\/types\/product"}],"wp:featuredmedia":[{"embeddable":true,"href":"https:\/\/www.trendfurniture.ee\/ru\/wp-json\/wp\/v2\/media\/39124"}],"wp:attachment":[{"href":"https:\/\/www.trendfurniture.ee\/ru\/wp-json\/wp\/v2\/media?parent=39123"}],"wp:term":[{"taxonomy":"product_brand","embeddable":true,"href":"https:\/\/www.trendfurniture.ee\/ru\/wp-json\/wp\/v2\/product_brand?post=39123"},{"taxonomy":"product_cat","embeddable":true,"href":"https:\/\/www.trendfurniture.ee\/ru\/wp-json\/wp\/v2\/product_cat?post=39123"},{"taxonomy":"product_tag","embeddable":true,"href":"https:\/\/www.trendfurniture.ee\/ru\/wp-json\/wp\/v2\/product_tag?post=39123"}],"curies":[{"name":"wp","href":"https:\/\/api.w.org\/{rel}","templated":true}]}}