{"id":39152,"date":"2026-04-20T15:11:42","date_gmt":"2026-04-20T15:11:42","guid":{"rendered":"https:\/\/trendfurniture.ee\/?post_type=product&#038;p=39152"},"modified":"2026-04-20T15:11:42","modified_gmt":"2026-04-20T15:11:42","slug":"madrats-160-x-200","status":"publish","type":"product","link":"https:\/\/www.trendfurniture.ee\/ru\/product\/madrats-160-x-200\/","title":{"rendered":"Madrats 160 x 200"},"content":{"rendered":"","protected":false},"excerpt":{"rendered":"<p>Kasuatud, heas korras madrats 160 x 200, paksus 18<\/p>\n<p>Vedrustus keskmise j\u00e4ikusega.<\/p>\n<p>Kate lukuga eemaldatav.<\/p>\n<p>Esineb v\u00e4heke transpordi m\u00e4\u00e4rdumist.<\/p>\n<p>Hind: 99.-<\/p>","protected":false},"featured_media":39153,"template":"","meta":{"_acf_changed":false},"product_brand":[],"product_cat":[231],"product_tag":[],"class_list":{"0":"post-39152","1":"product","2":"type-product","3":"status-publish","4":"has-post-thumbnail","6":"product_cat-madratsid-kattemadratsid","8":"first","9":"instock","10":"shipping-taxable","11":"purchasable","12":"product-type-simple"},"acf":[],"_links":{"self":[{"href":"https:\/\/www.trendfurniture.ee\/ru\/wp-json\/wp\/v2\/product\/39152","targetHints":{"allow":["GET"]}}],"collection":[{"href":"https:\/\/www.trendfurniture.ee\/ru\/wp-json\/wp\/v2\/product"}],"about":[{"href":"https:\/\/www.trendfurniture.ee\/ru\/wp-json\/wp\/v2\/types\/product"}],"wp:featuredmedia":[{"embeddable":true,"href":"https:\/\/www.trendfurniture.ee\/ru\/wp-json\/wp\/v2\/media\/39153"}],"wp:attachment":[{"href":"https:\/\/www.trendfurniture.ee\/ru\/wp-json\/wp\/v2\/media?parent=39152"}],"wp:term":[{"taxonomy":"product_brand","embeddable":true,"href":"https:\/\/www.trendfurniture.ee\/ru\/wp-json\/wp\/v2\/product_brand?post=39152"},{"taxonomy":"product_cat","embeddable":true,"href":"https:\/\/www.trendfurniture.ee\/ru\/wp-json\/wp\/v2\/product_cat?post=39152"},{"taxonomy":"product_tag","embeddable":true,"href":"https:\/\/www.trendfurniture.ee\/ru\/wp-json\/wp\/v2\/product_tag?post=39152"}],"curies":[{"name":"wp","href":"https:\/\/api.w.org\/{rel}","templated":true}]}}